{"id":335339,"date":"2023-01-24T16:57:05","date_gmt":"2023-01-24T15:57:05","guid":{"rendered":"https:\/\/www.salajna.cz\/?page_id=335339"},"modified":"2023-04-28T13:33:13","modified_gmt":"2023-04-28T11:33:13","slug":"o-statku","status":"publish","type":"page","link":"https:\/\/www.salajna.cz\/de\/o-statku\/","title":{"rendered":"\u00dcber das Schiff"},"content":{"rendered":"<p>[et_pb_section fb_built=\"1\u2033 fullwidth=\"on\" _builder_version=\"4.20.0\u2033 _module_preset=\"default\" custom_margin=\"0px||||false|false\" custom_padding=\"0px||||false|false\" da_disable_devices=\"off|off|off\" locked=\"off\" global_colors_info=\"{}\" da_is_popup=\"off\" da_exit_intent=\"off\" da_has_close=\"on\" da_alt_close=\"off\" da_dark_close=\"off\" da_not_modal=\"on\" da_is_singular=\"off\" da_with_loader=\"off\" da_has_shadow=\"on\"][et_pb_fullwidth_header _builder_version=\"4.20.4\u2033 _module_preset=\"default\" content_font=\"Source Serif Pro||||||||\" content_font_size=\"33px\" content_line_height=\"1.8em\" background_color=\"RGBA(255,255,255,0)\" background_image=\"https:\/\/www.salajna.cz\/wp-content\/uploads\/2023\/04\/DSC_4924_1920_1.jpg\" parallax=\"on\" parallax_method=\"on\" height=\"400px\" custom_margin=\"108px||||false|false\" custom_padding=\"105px||||false|false\" content_text_shadow_style=\"preset1\u2033 global_colors_info=\"{}\"]<\/p>\n<p>Lassen Sie sich verw\u00f6hnen<\/p>\n<p>Ruhe und Frieden,<\/p>\n<p>die wir f\u00fcr Sie erstellen...<\/p>\n<p>[\/et_pb_fullwidth_header][\/et_pb_section][et_pb_section fb_built=&#8220;1&#8243; _builder_version=&#8220;4.19.4&#8243; _module_preset=&#8220;default&#8220; da_disable_devices=&#8220;off|off|off&#8220; global_colors_info=&#8220;{}&#8220; da_is_popup=&#8220;off&#8220; da_exit_intent=&#8220;off&#8220; da_has_close=&#8220;on&#8220; da_alt_close=&#8220;off&#8220; da_dark_close=&#8220;off&#8220; da_not_modal=&#8220;on&#8220; da_is_singular=&#8220;off&#8220; da_with_loader=&#8220;off&#8220; da_has_shadow=&#8220;on&#8220;][et_pb_row column_structure=&#8220;1_2,1_2&#8243; make_equal=&#8220;on&#8220; _builder_version=&#8220;4.19.5&#8243; _module_preset=&#8220;default&#8220; custom_margin=&#8220;-28px||||false|false&#8220; global_colors_info=&#8220;{}&#8220;][et_pb_column type=&#8220;1_2&#8243; _builder_version=&#8220;4.19.4&#8243; _module_preset=&#8220;default&#8220; global_colors_info=&#8220;{}&#8220;][et_pb_text _builder_version=&#8220;4.19.5&#8243; _module_preset=&#8220;default&#8220; header_2_font=&#8220;||||||||&#8220; header_2_text_color=&#8220;gcid-113c5a7f-e11a-4884-ab51-c2777468b9ae&#8220; header_2_line_height=&#8220;1.2em&#8220; global_colors_info=&#8220;{%22gcid-113c5a7f-e11a-4884-ab51-c2777468b9ae%22:%91%22header_2_text_color%22%93}&#8220;]<\/p>\n<h2>Zum richtigen Zeitpunkt<\/h2>\n<h2>am richtigen Ort<\/h2>\n<p>[\/et_pb_text][\/et_pb_column][et_pb_column type=\"1_2\u2033 _builder_version=\"4.19.4\u2033 _module_preset=\"default\" global_colors_info=\"{}\"][et_pb_text _builder_version=\"4.20.4\u2033 _module_preset=\"default\" text_font=\"Nunito||||||||\" text_text_color=\"#000000\u2033 text_orientation=\"justified\" custom_margin=\"0px||0px|-28px|false|false\" global_colors_info=\"{}\"]<\/p>\n<p>Ein wahres l\u00e4ndliches Paradies erwartet Sie mit offenen Armen auf einer Fl\u00e4che von fast 3 Hektar. Sie k\u00f6nnen in einem der beiden sensibel renovierten Fachwerkh\u00e4user wohnen, die bis zu 40 Betten in 7 Zimmern und 2 Suiten bieten. Hochzeitsg\u00e4ste oder Yoga-Begeisterte werden den gro\u00dfen, lichtdurchfluteten Ma\u0161tale-Saal genie\u00dfen, w\u00e4hrend diejenigen, die einen intimeren Urlaub bevorzugen, in der W\u00e4rme des Familienkamins im traditionelleren Hr\u00e1zd\u011bnky schmelzen werden. Die Kolna mit Sitzgelegenheiten im Freien ist wetterunabh\u00e4ngig, und der romantische Garten mit Teich, durch dessen Mitte sich die Stromschnellen des \u0160itbo\u0159sk\u00fd-Bachs schl\u00e4ngeln, l\u00e4sst keinen Zweifel daran, dass Sie genau dort sind, wo Sie hingeh\u00f6ren.<\/p>\n<p>[\/et_pb_text][\/et_pb_column][\/et_pb_row][et_pb_row column_structure=\"1_3,1_3,1_3\u2033 _builder_version=\"4.20.4\u2033 _module_preset=\"default\" width=\"90%\" global_colors_info=\"{}\"][et_pb_column type=\"1_3\u2033 _builder_version=\"4.19.4\u2033 _module_preset=\"default\" global_colors_info=\"{}\"][et_pb_blurb title=\"Ein duftender Hauch von Landleben\" image=\"https:\/\/www.salajna.cz\/wp-content\/uploads\/2023\/02\/01_600x600.jpg\" _builder_version=\"4.19.5\u2033 _module_preset=\"default\" global_colors_info=\"{}\"]<\/p>\n<p style=\"text-align: justify;\"><img loading=\"lazy\" decoding=\"async\" src=\"https:\/\/www.salajna.cz\/wp-content\/uploads\/2023\/02\/ikona_plna_20x20.png\" width=\"20\" height=\"20\" alt=\"\" class=\"wp-image-335559 alignleft size-full\" \/><\/p>\n<p style=\"text-align: justify;\">\n<p style=\"text-align: justify;\">Der sch\u00f6ne Garten mit dem romantischen Teich wird die Bed\u00fcrfnisse aller Altersgruppen befriedigen. Kaum ein Kind kann es sich verkneifen, die unz\u00e4hligen Ecken und Winkel zu erkunden, w\u00e4hrend die M\u00fctter testen k\u00f6nnen, welches Pl\u00e4tzchen am besten zu einer Tasse frisch gemahlenem Kaffee schmeckt. Der nat\u00fcrliche Whirlpool des \u0160itborsk\u00fd Baches schl\u00e4gt \u00fcberteuerte Kryokammern, und ein morgendlicher Sonnengru\u00df oder ein abendliches Grillen am Feuer klingt auch nicht schlecht, finden Sie nicht auch?<\/p>\n<p>[\/et_pb_blurb][\/et_pb_column][et_pb_column type=\"1_3\u2033 _builder_version=\"4.19.4\u2033 _module_preset=\"default\" global_colors_info=\"{}\"][et_pb_blurb title=\"Lass die Sonne scheinen oder die Schubkarren fallen\" image=\"https:\/\/www.salajna.cz\/wp-content\/uploads\/2023\/02\/02_600x600.jpg\" _builder_version=\"4.19.5\u2033 _module_preset=\"default\" global_colors_info=\"{}\"]<\/p>\n<p style=\"text-align: justify;\"><span style=\"font-weight: 400;\"><img loading=\"lazy\" decoding=\"async\" src=\"https:\/\/www.salajna.cz\/wp-content\/uploads\/2023\/02\/ikona_plna_20x20.png\" width=\"20\" height=\"20\" alt=\"\" class=\"wp-image-335559 alignleft size-full\" \/><\/span><\/p>\n<p style=\"text-align: justify;\"><span style=\"font-weight: 400;\"><\/span><\/p>\n<p style=\"text-align: justify;\"><span style=\"font-weight: 400;\">Wer die frische Luft liebt, wird sich \u00fcber den Freiluft-Knieplatz freuen, der es erm\u00f6glicht, auch bei schlechtem Wetter so viel Zeit wie m\u00f6glich im Freien zu verbringen. Landmaschinen und Heu haben wir durch gem\u00fctliche Sitzgelegenheiten ersetzt, und statt Sensen zu mahlen, k\u00f6nnen Sie mit unserem eigenen Zapfhahn lokales Bier zapfen. Geschichtsinteressierte werden sich an der Ausstellung von kleinen Handwerks- und Landwirtschaftsger\u00e4ten auf dem Dachboden erfreuen, w\u00e4hrend Anh\u00e4nger der Grillalchemie es wahrscheinlich vorziehen werden, in Bodenn\u00e4he zu bleiben. <\/span><\/p>\n<p style=\"text-align: justify;\"><span style=\"font-weight: 400;\"><\/span><\/p>\n<p style=\"text-align: justify;\"><span style=\"font-weight: 400;\"><\/span><\/p>\n<p style=\"text-align: justify;\"><span style=\"font-weight: 400;\"><\/span><\/p>\n<p>[\/et_pb_blurb][\/et_pb_column][et_pb_column type=\"1_3\u2033 _builder_version=\"4.19.4\u2033 _module_preset=\"default\" global_colors_info=\"{}\"][et_pb_blurb title=\"Haben Sie keine Angst, es zu starten\" image=\"https:\/\/www.salajna.cz\/wp-content\/uploads\/2023\/02\/03_600x600.jpg\" _builder_version=\"4.20.0\u2033 _module_preset=\"default\" global_colors_info=\"{}\"]<\/p>\n<p style=\"text-align: justify;\"><span style=\"font-weight: 400;\"><img loading=\"lazy\" decoding=\"async\" src=\"https:\/\/www.salajna.cz\/wp-content\/uploads\/2023\/02\/ikona_plna_20x20.png\" width=\"20\" height=\"20\" alt=\"\" class=\"wp-image-335559 alignleft size-full\" \/><\/span><\/p>\n<p style=\"text-align: justify;\"><span style=\"font-weight: 400;\"><\/span><\/p>\n<p style=\"text-align: justify;\"><span style=\"font-weight: 400;\">Wenn Sie zu uns kommen, um zu feiern, zu arbeiten oder sich um Ihre pers\u00f6nliche Entwicklung zu k\u00fcmmern, steht Ihnen der Hauptsaal des ehemaligen Stalles zur Verf\u00fcgung. Mit zwei gro\u00dfen Fenstert\u00fcren zum Innenhof hin werden Sie sich wie in einem Schloss f\u00fchlen. Ein knisterndes Feuer im massiven Kamin tr\u00e4gt zur Perfektion Ihrer Veranstaltung bei, was auch immer es sein mag. Eine voll ausgestattete Bar mit Selbstbedienungsk\u00fchlschrank steht Ihnen zur Verf\u00fcgung, w\u00e4hrend die Profik\u00fcche f\u00fcr die Verpflegung von bis zu siebzig G\u00e4sten geeignet ist.<\/span><\/p>\n<p>[\/et_pb_blurb][\/et_pb_column][\/et_pb_row][\/et_pb_section][et_pb_section fb_built=&#8220;1&#8243; _builder_version=&#8220;4.20.4&#8243; background_color=&#8220;gcid-ac7ddb67-10f5-4704-ba88-543273cdce18&#8243; custom_margin=&#8220;||||false|false&#8220; custom_padding=&#8220;34px|0px|0px|0px|false|false&#8220; da_disable_devices=&#8220;off|off|off&#8220; global_colors_info=&#8220;{%22gcid-ac7ddb67-10f5-4704-ba88-543273cdce18%22:%91%22background_color%22%93}&#8220; da_is_popup=&#8220;off&#8220; da_exit_intent=&#8220;off&#8220; da_has_close=&#8220;on&#8220; da_alt_close=&#8220;off&#8220; da_dark_close=&#8220;off&#8220; da_not_modal=&#8220;on&#8220; da_is_singular=&#8220;off&#8220; da_with_loader=&#8220;off&#8220; da_has_shadow=&#8220;on&#8220;][et_pb_row column_structure=&#8220;1_5,3_5,1_5&#8243; use_custom_gutter=&#8220;on&#8220; gutter_width=&#8220;1&#8243; make_equal=&#8220;on&#8220; module_class=&#8220; et_pb_row_fullwidth&#8220; _builder_version=&#8220;4.16&#8243; width=&#8220;100%&#8220; width_tablet=&#8220;100%&#8220; width_phone=&#8220;&#8220; width_last_edited=&#8220;on|desktop&#8220; max_width=&#8220;100%&#8220; max_width_tablet=&#8220;100%&#8220; max_width_phone=&#8220;&#8220; max_width_last_edited=&#8220;on|desktop&#8220; custom_padding=&#8220;0|0px|0px|0px&#8220; make_fullwidth=&#8220;on&#8220; global_colors_info=&#8220;{}&#8220;][et_pb_column type=&#8220;1_5&#8243; _builder_version=&#8220;4.16&#8243; custom_padding=&#8220;|||&#8220; custom_css_main_element=&#8220;padding: 50px;&#8220; global_colors_info=&#8220;{}&#8220; custom_padding__hover=&#8220;|||&#8220;][\/et_pb_column][et_pb_column type=&#8220;3_5&#8243; _builder_version=&#8220;4.16&#8243; custom_padding=&#8220;|||&#8220; custom_css_main_element=&#8220;padding: 50px;&#8220; global_colors_info=&#8220;{}&#8220; custom_padding__hover=&#8220;|||&#8220;][et_pb_text _builder_version=&#8220;4.20.4&#8243; header_4_text_align=&#8220;center&#8220; header_4_text_color=&#8220;#FFFFFF&#8220; header_4_line_height=&#8220;1.4em&#8220; header_5_font=&#8220;Nunito|300|||||||&#8220; header_5_text_color=&#8220;#FFFFFF&#8220; header_5_font_size=&#8220;15px&#8220; global_colors_info=&#8220;{}&#8220;]<\/p>\n<h4>Sie k\u00f6nnen in Hr\u00e1zd\u011bnka oder Ma\u0161tal wohnen. Sehen Sie selbst, welche die richtige ist.<\/h4>\n<p>[\/et_pb_text][et_pb_button button_url=\"https:\/\/www.salajna.cz\/kde-budete-bydlet\/\" button_text=\"mehr\" button_alignment=\"rechts\" _builder_version=\"4.19.5\u2033 _module_preset=\"default\" custom_button=\"on\" button_text_size=\"15px\" button_text_color=\"#FFFF\" button_border_width=\"0px\" button_font=\"Nunito||||||||\" button_icon=\"$||divi|||400\u2033 button_on_hover=\"off\" background_layout=\"dark\" custom_margin=\"0px|||0px|false|false\" custom_padding=\"||||false|false\" global_colors_info=\"{}\"][\/et_pb_button][\/et_pb_column][\/et_pb_column][et_pb_column type=\"1_5\u2033 _builder_version=\"4.16\u2033 custom_padding=\"|||\" custom_css_main_element=\"padding: 50px;\" global_colors_info=\"{}\" custom_padding__hover=\"|||\"][\/et_pb_column][\/et_pb_row][\/et_pb_section][\/et_pb_section][et_pb_section fb_built=\"1\u2033 _builder_version=\"4.19.4\u2033 background_color=\"#FFFFFF\" custom_margin=\"||-75px|||false|false\" custom_padding=\"0|0px|0px|0px\" da_disable_devices=\"off|off|off\" global_colors_info=\"{}\" disabled_on=\"on|off|off\" da_is_popup=\"off\" da_exit_intent=\"off\" da_has_close=\"on\" da_alt_close=\"off\" da_dark_close=\"off\" da_not_modal=\"on\" da_is_singular=\"off\" da_with_loader=\"off\" da_has_shadow=\"on\"][et_pb_row column_structure=\"1_2,1_2\u2033 use_custom_gutter=\"on\" gutter_width=\"1\u2033 make_equal=\"on\" module_class=\" et_pb_row_fullwidth\" _builder_version=\"4.20.4\u2033 background_color=\"#FFFF\" width=\"100%\" width_tablet=\"100%\" width_phone=\"\" width_last_edited=\"on|desktop\" max_width=\"100%\" max_width_tablet=\"100%\" max_width_phone=\"\" max_width_last_edited=\"on|desktop\" custom_padding=\"0|0px|0px|0px\" make_fullwidth=\"on\" global_colors_info=\"{}\"][et_pb_column type=\"1_2\u2033 _builder_version=\"4.16\u2033 custom_padding=\"|||\" custom_css_main_element=\"padding: 50px;\" global_colors_info=\"{}\" custom_padding__hover=\"|||\"][et_pb_text _builder_version=\"4.20.4\u2033 _module_preset=\"default\" header_2_font=\"||||||||\" width=\"82%\" custom_margin=\"0px|||14vw|false|false\" custom_padding=\"0px||||0px||false|false\" global_colors_info=\"{}\"]<\/p>\n<h2 style=\"text-align: left;\">Die Vergangenheit in der Erinnerung<\/h2>\n<p>[\/et_pb_text][et_pb_image src=\"https:\/\/www.salajna.cz\/wp-content\/uploads\/2023\/02\/ikona_plna_20x20-1.png\" title_text=\"icon_plna_20x20\u2033 _builder_version=\"4.20.4\u2033 _module_preset=\"default\" max_width_tablet=\"\" max_width_phone=\"\" max_width_last_edited=\"on|desktop\" custom_margin=\"0px||0px|14vw|false|false\" custom_padding=\"||||0px|false|false\" global_colors_info=\"{}\"][\/et_pb_image][\/et_pb_text _builder_version=\"4.20.4\u2033 _module_preset=\"default\" custom_margin=\"0px|0px|||14vw|false|false\" custom_padding=\"0px||||false|false\" global_colors_info=\"{}\"]<\/p>\n<p style=\"text-align: justify;\"><span style=\"font-weight: 400;\">Als wir den fast 200 Jahre alten Hof im Jahr 2004 ersteigerten, hatte er nicht viel zu lachen. Kein Wunder! Nach einer Zeit des gr\u00f6\u00dften, damals noch deutschen Ruhmes hatte er den Krieg, die anschlie\u00dfende Vertreibung der Besitzer, die traurige \"Pflege\" der JZD und zwanzig Jahre der Verwahrlosung erlebt.<\/span><\/p>\n<p>[\/et_pb_text][\/et_pb_column][et_pb_column type=\"1_2\u2033 _builder_version=\"4.20.4\u2033 background_image=\"https:\/\/www.salajna.cz\/wp-content\/uploads\/2023\/04\/min_para_1.webp\" parallax=\"on\" parallax_method=\"off\" custom_padding=\"|||\" global_colors_info=\"{}\" custom_padding__hover=\"|||\"][et_pb_code _builder_version=\"4.20.4\u2033 _module_preset=\"default\" height=\"550px\" global_colors_info=\"{}\"][\/et_pb_code][\/et_pb_column][\/et_pb_row][\/et_pb_section][\/et_pb_section fb_built=\"1\u2033 _builder_version=\"4.20.4\u2033 background_color=\"#FFFF\" custom_margin=\"75px||||false|false\" custom_padding=\"0|0px|0px|0px\" hover_enabled=\"0\u2033 da_disable_devices=\"off|off|off\" global_colors_info=\"{}\" sticky_enabled=\"0\u2033 disabled_on=\"on|off|off\" da_is_popup=\"off\" da_exit_intent=\"off\" da_has_close=\"on\" da_alt_close=\"off\" da_dark_close=\"off\" da_not_modal=\"on\" da_is_singular=\"off\" da_with_loader=\"off\" da_has_shadow=\"on\"][et_pb_row column_structure=\"1_2,1_2\u2033 use_custom_gutter=\"on\" gutter_width=\"1\u2033 make_equal=\"on\" module_class=\" et_pb_row_fullwidth\" _builder_version=\"4.20.4\u2033 background_color=\"#FFFF\" parallax=\"on\" parallax_method=\"off\" width=\"100%\" width_tablet=\"100%\" width_phone=\"\" width_last_edited=\"on|desktop\" max_width=\"100%\" max_width_tablet=\"100%\" max_width_phone=\"\" max_width_last_edited=\"on|desktop\" custom_padding=\"0px|0px|0px|0px|false|false\" hover_enabled=\"0\u2033 make_fullwidth=\"on\" global_colors_info=\"{}\" sticky_enabled=\"0\u2033][et_pb_column type=\"1_2\u2033 _builder_version=\"4.20.4\u2033 background_image=\"https:\/\/www.salajna.cz\/wp-content\/uploads\/2023\/04\/min_para_2.webp\" parallax=\"on\" parallax_method=\"off\" custom_padding=\"|||\" global_colors_info=\"{}\" custom_padding__hover=\"|||\"][et_pb_image title_text=\"1500x700_history\" _builder_version=\"4.20.4\u2033 _module_preset=\"default\" global_colors_info=\"{}\"][\/et_pb_image][et_pb_code _builder_version=\"4.20.4\u2033 _module_preset=\"default\" height=\"550px\" global_colors_info=\"{}\"][\/et_pb_code][\/et_pb_column][et_pb_column type=\"1_2\u2033 _builder_version=\"4.16\u2033 custom_padding=\"|||\" custom_css_main_element=\"padding: 50px;\" global_colors_info=\"{}\" custom_padding__hover=\"|||\"][et_pb_text _builder_version=\"4.20.4\u2033 _module_preset=\"default\" header_2_font=\"||||||||\" width=\"82%\" custom_margin=\"0px||0px|0px|false|false\" global_colors_info=\"{}\"]<\/p>\n<h2>Wenn der Traum Wirklichkeit wird<\/h2>\n<p>[\/et_pb_text][et_pb_image src=\"https:\/\/www.salajna.cz\/wp-content\/uploads\/2023\/02\/ikona_plna_20x20-1.png\" title_text=\"icon_plna_20x20\u2033 _builder_version=\"4.20.4\u2033 _module_preset=\"default\" max_width_tablet=\"\" max_width_phone=\"\" max_width_last_edited=\"on|desktop\" custom_margin=\"|0px||0px|false|false\" custom_padding=\"||||false|false\" global_colors_info=\"{}\"][\/et_pb_image][et_pb_text _builder_version=\"4.20.4\u2033 _module_preset=\"default\" header_2_font=\"Prata||||||||\" text_orientation=\"justified\" width=\"99.1%\" width_tablet=\"99.1%\" width_phone=\"100%\" width_last_edited=\"on|phone\" custom_margin=\"0px|||0px|false|false\" custom_margin_tablet=\"0px|||0px|||0px|false|false\" custom_margin_phone=\"0px||0px|||false|false\" custom_margin_last_edited=\"on|desktop\" custom_padding=\"|14vw||||false||false\" custom_padding_tablet=\"|232px||||\" custom_padding_phone=\"|0px|||||false|false\" custom_padding_last_edited=\"on|phone\" global_colors_info=\"{}\"]<\/p>\n<p><span style=\"font-weight: 400;\">Dank des allgegenw\u00e4rtigen kreativen Geistes sind Ideen und Visionen Wirklichkeit geworden, und wir sind stolz darauf, dass unser adoptierter Ph\u00f6nix fr\u00f6hlich die letzten Reste von Asche von seinen himmelblauen, geflochtenen Fl\u00fcgeln sch\u00fcttelt und zufriedene G\u00e4ste gerne zu uns zur\u00fcckkehren. <\/span><\/p>\n<p>[\/et_pb_text][\/et_pb_column][\/et_pb_row][\/et_pb_section][\/et_pb_section fb_built=\"1\u2033 theme_builder_area=\"post_content\" _builder_version=\"4.20.4\u2033 _module_preset=\"default\" disabled_on=\"off|on|on\" da_is_popup=\"off\" da_exit_intent=\"off\" da_has_close=\"on\" da_alt_close=\"off\" da_dark_close=\"off\" da_not_modal=\"on\" da_is_singular=\"off\" da_with_loader=\"off\" da_has_shadow=\"on\" da_disable_devices=\"off|off|off\"][et_pb_row _builder_version=\"4.20.4\u2033 _module_preset=\"default\" width=\"100%\" hover_enabled=\"0\u2033 sticky_enabled=\"0\u2033 disabled_on=\"off|on|on\" theme_builder_area=\"post_content\"][et_pb_column _builder_version=\"4.20.4\u2033 _module_preset=\"default\" type=\"4_4\u2033 theme_builder_area=\"post_content\"][et_pb_text _builder_version=\"4.20.4\u2033 _module_preset=\"default\" header_2_font=\"||||||||\" width=\"100%\" custom_margin=\"0px||2px||false|false\" custom_padding=\"0px|||0px|false|false\" hover_enabled=\"0\u2033 global_colors_info=\"{}\" sticky_enabled=\"0\u2033 text_orientation=\"center\" header_text_align=\"center\" header_2_text_align=\"center\" theme_builder_area=\"post_content\"]<\/p>\n<h2 style=\"text-align: center;\">Die Vergangenheit in der Erinnerung<\/h2>\n<p>[\/et_pb_text][et_pb_image src=\"https:\/\/www.salajna.cz\/wp-content\/uploads\/2023\/02\/ikona_plna_20x20-1.png\" title_text=\"icon_plna_20x20\u2033 _builder_version=\"4.20.4\u2033 _module_preset=\"default\" max_width_tablet=\"\" max_width_phone=\"\" max_width_last_edited=\"on|desktop\" custom_margin=\"0px||0px||false|false\" custom_padding=\"||||0px||false|false\" hover_enabled=\"0\u2033 global_colors_info=\"{}\" align=\"center\" sticky_enabled=\"0\u2033 theme_builder_area=\"post_content\"][\/et_pb_image][et_pb_text _builder_version=\"4.20.4\u2033 _module_preset=\"default\" custom_margin=\"0px|0px|||false||false\" custom_padding=\"0px|3vw|||3vw|false|true\" hover_enabled=\"0\u2033 global_colors_info=\"{}\" text_orientation=\"center\" sticky_enabled=\"0\u2033 theme_builder_area=\"post_content\"]<\/p>\n<p style=\"text-align: justify;\"><span style=\"font-weight: 400;\">Als wir den fast 200 Jahre alten Hof im Jahr 2004 ersteigerten, hatte er nicht viel zu lachen. Kein Wunder! Nach einer Zeit des gr\u00f6\u00dften, damals noch deutschen Ruhmes hatte er den Krieg, die anschlie\u00dfende Vertreibung der Besitzer, die traurige \"Pflege\" der JZD und zwanzig Jahre der Verwahrlosung erlebt.<\/span><\/p>\n<p>[\/et_pb_text][\/et_pb_image src=\"https:\/\/www.salajna.cz\/wp-content\/uploads\/2023\/04\/paralax_4_mobil_o-nas.webp\" _builder_version=\"4.20.4\u2033 _module_preset=\"default\" hover_enabled=\"0\u2033 sticky_enabled=\"0\u2033 align=\"center\" theme_builder_area=\"post_content\"][\/et_pb_image][\/et_pb_text _builder_version=\"4.20.4\u2033 _module_preset=\"default\" header_2_font=\"||||||||\" width=\"100%\" custom_margin=\"0px||0px|0px|false|false\" hover_enabled=\"0\u2033 global_colors_info=\"{}\" sticky_enabled=\"0\u2033 text_orientation=\"center\" theme_builder_area=\"post_content\"]<\/p>\n<h2>Wenn der Traum Wirklichkeit wird<\/h2>\n<p>[\/et_pb_text][et_pb_image src=\"https:\/\/www.salajna.cz\/wp-content\/uploads\/2023\/02\/ikona_plna_20x20-1.png\" title_text=\"icon_plna_20x20\u2033 _builder_version=\"4.20.4\u2033 _module_preset=\"default\" max_width_tablet=\"\" max_width_phone=\"\" max_width_last_edited=\"on|desktop\" custom_margin=\"|0px|1px|0px|false|false\" custom_padding=\"||||false|false\" hover_enabled=\"0\u2033 global_colors_info=\"{}\" align=\"center\" sticky_enabled=\"0\u2033 theme_builder_area=\"post_content\"][\/et_pb_image][et_pb_text _builder_version=\"4.20.4\u2033 _module_preset=\"default\" header_2_font=\"Prata||||||||\" text_orientation=\"justified\" width=\"99.1%\" width_tablet=\"99.1%\" width_phone=\"100%\" width_last_edited=\"on|phone\" custom_margin=\"0px|||0px|false|false\" custom_margin_tablet=\"0px|||0px|||0px|false|false\" custom_margin_phone=\"0px|||0px|false|false\" custom_margin_last_edited=\"on|desktop\" custom_padding=\"||||false|false\" custom_padding_tablet=\"|232px||||\" custom_padding_phone=\"|3vw||3vw|false|true\" custom_padding_last_edited=\"on|phone\" hover_enabled=\"0\u2033 global_colors_info=\"{}\" sticky_enabled=\"0\u2033 theme_builder_area=\"post_content\"]<\/p>\n<p><span style=\"font-weight: 400;\">Dank des allgegenw\u00e4rtigen kreativen Geistes sind Ideen und Visionen Wirklichkeit geworden, und wir sind stolz darauf, dass unser adoptierter Ph\u00f6nix fr\u00f6hlich die letzten Reste von Asche von seinen himmelblauen, geflochtenen Fl\u00fcgeln sch\u00fcttelt und zufriedene G\u00e4ste gerne zu uns zur\u00fcckkehren. <\/span><\/p>\n<p>[\/et_pb_text][et_pb_image src=\"https:\/\/www.salajna.cz\/wp-content\/uploads\/2023\/04\/paralax_4_mobil_o-nas-kopie.webp\" _builder_version=\"4.20.4\u2033 _module_preset=\"default\" hover_enabled=\"0\u2033 sticky_enabled=\"0\u2033 theme_builder_area=\"post_content\"][\/et_pb_image][\/et_pb_column][\/et_pb_row][\/et_pb_section]<\/p>","protected":false},"excerpt":{"rendered":"<p>Lassen Sie sich von der Ruhe verw\u00f6hnen, die wir f\u00fcr Sie schaffen...Zur richtigen Zeit am richtigen OrtAuf einer Fl\u00e4che von fast 3 Hektar erwartet Sie ein wahres l\u00e4ndliches Paradies mit offenen Armen. Sie k\u00f6nnen in einem der beiden sensibel renovierten Fachwerkh\u00e4user wohnen, die bis zu 40 Betten in 7 Zimmern und 2 Suiten bieten. Hochzeitsg\u00e4ste oder Yoga-Begeisterte werden den gro\u00dfen, lichtdurchfluteten Ma\u0161tale-Saal genie\u00dfen, w\u00e4hrend diejenigen, die einen intimeren Urlaub bevorzugen, in der W\u00e4rme des Familienkamins im traditionelleren Hr\u00e1zd\u011bnky schmelzen werden. In der Kolna mit Sitzgelegenheiten im Freien spielen die Launen des Wetters keine Rolle, und der romantische Garten mit Teich, durch dessen Mitte sich der \u0160itbo\u0159sk\u00fd-Bach schl\u00e4ngelt, l\u00e4sst keinen Zweifel daran, dass Sie genau dort sind, wo Sie hingeh\u00f6ren. Der sch\u00f6ne Garten mit seinem romantischen Teich wird die Bed\u00fcrfnisse aller Altersgruppen befriedigen. Kaum ein Kind kann es sich verkneifen, die unz\u00e4hligen Ecken und Winkel zu erkunden, w\u00e4hrend die M\u00fctter testen k\u00f6nnen, welches Pl\u00e4tzchen am besten zu einer Tasse frisch gemahlenem Kaffee schmeckt. Der nat\u00fcrliche Whirlpool des \u0160itborsk\u00fd Baches schl\u00e4gt \u00fcberteuerte Kryokammern, und ein morgendlicher Sonnengru\u00df oder ein abendliches Grillen am Feuer klingt auch nicht schlecht, finden Sie nicht auch? Frischluftliebhaber werden sich \u00fcber die Freiluftst\u00e4lle freuen, die es Ihnen erm\u00f6glichen, auch bei schlechtem Wetter so viel Zeit wie m\u00f6glich im Freien zu verbringen. Wir haben Landmaschinen und Heu durch gem\u00fctliche Sitzgelegenheiten ersetzt, und statt die Sense zu schleifen, k\u00f6nnen Sie sich ein lokales Bier vom Fass g\u00f6nnen. Geschichtsinteressierte werden sich \u00fcber einen Rundgang durch die Ausstellung kleiner handwerklicher [...]<\/p>","protected":false},"author":1,"featured_media":0,"parent":0,"menu_order":0,"comment_status":"closed","ping_status":"closed","template":"","meta":{"_et_pb_use_builder":"on","_et_pb_old_content":"","_et_gb_content_width":"","footnotes":""},"class_list":["post-335339","page","type-page","status-publish","hentry"],"_links":{"self":[{"href":"https:\/\/www.salajna.cz\/de\/wp-json\/wp\/v2\/pages\/335339","targetHints":{"allow":["GET"]}}],"collection":[{"href":"https:\/\/www.salajna.cz\/de\/wp-json\/wp\/v2\/pages"}],"about":[{"href":"https:\/\/www.salajna.cz\/de\/wp-json\/wp\/v2\/types\/page"}],"author":[{"embeddable":true,"href":"https:\/\/www.salajna.cz\/de\/wp-json\/wp\/v2\/users\/1"}],"replies":[{"embeddable":true,"href":"https:\/\/www.salajna.cz\/de\/wp-json\/wp\/v2\/comments?post=335339"}],"version-history":[{"count":82,"href":"https:\/\/www.salajna.cz\/de\/wp-json\/wp\/v2\/pages\/335339\/revisions"}],"predecessor-version":[{"id":336965,"href":"https:\/\/www.salajna.cz\/de\/wp-json\/wp\/v2\/pages\/335339\/revisions\/336965"}],"wp:attachment":[{"href":"https:\/\/www.salajna.cz\/de\/wp-json\/wp\/v2\/media?parent=335339"}],"curies":[{"name":"wp","href":"https:\/\/api.w.org\/{rel}","templated":true}]}}