{"id":335396,"date":"2023-02-02T12:13:05","date_gmt":"2023-02-02T11:13:05","guid":{"rendered":"https:\/\/www.salajna.cz\/?page_id=335396"},"modified":"2024-02-07T11:14:38","modified_gmt":"2024-02-07T10:14:38","slug":"vas-den-u-nas","status":"publish","type":"page","link":"https:\/\/www.salajna.cz\/de\/vas-den-u-nas\/","title":{"rendered":"Ihr Tag bei uns"},"content":{"rendered":"<p>[et_pb_section fb_built=\"1\u2033 fullwidth=\"on\" _builder_version=\"4.20.4\u2033 _module_preset=\"default\" custom_margin=\"0px||||false|false\" custom_padding=\"0px||||false|false\" da_disable_devices=\"off|off|off\" locked=\"off\" global_colors_info=\"{}\" da_is_popup=\"off\" da_exit_intent=\"off\" da_has_close=\"on\" da_alt_close=\"off\" da_dark_close=\"off\" da_not_modal=\"on\" da_is_singular=\"off\" da_with_loader=\"off\" da_has_shadow=\"on\"][et_pb_fullwidth_header background_overlay_color=\"rgba(0,0,0,0.15)\" admin_label=\"Fettschrift (H1)\" _builder_version=\"4.23.1\u2033 _module_preset=\"default\" content_font=\"Source Serif Pro||||||||\" content_font_size=\"33px\" content_line_height=\"1.8em\" background_color=\"RGBA(255,255,255,0)\" background_image=\"https:\/\/www.salajna.cz\/wp-content\/uploads\/2023\/04\/vas-den-u-nas.jpg\" parallax=\"on\" parallax_method=\"on\" height=\"400px\" custom_margin=\"108px||0px||false|false\" custom_padding=\"105px||0px||false|false\" content_text_shadow_style=\"preset1\u2033 global_colors_info=\"{}\"]<\/p>\n<p>Tanzen, Ausruhen<\/p>\n<p>oder die Hochzeit?<\/p>\n<p>Wir haben f\u00fcr jeden etwas dabei...<\/p>\n<p>[\/et_pb_fullwidth_header][\/et_pb_section][\/et_pb_section fb_built=\"1\u2033 _builder_version=\"4.19.4\u2033 _module_preset=\"default\" da_disable_devices=\"off|off|off\" global_colors_info=\"{}\" da_is_popup=\"off\" da_exit_intent=\"off\" da_has_close=\"on\" da_alt_close=\"off\" da_dark_close=\"off\" da_not_modal=\"on\" da_is_singular=\"off\" da_with_loader=\"off\" da_has_shadow=\"on\"][et_pb_row column_structure=\"1_3,1_3,1_3\u2033 _builder_version=\"4.20.4\u2033 _module_preset=\"default\" width=\"90%\" global_colors_info=\"{}\"][et_pb_column type=\"1_3\u2033 _builder_version=\"4.19.4\u2033 _module_preset=\"default\" global_colors_info=\"{}\"][\/et_pb_column][et_pb_column type=\"1_3\u2033 _builder_version=\"4.19.4\u2033 _module_preset=\"default\" global_colors_info=\"{}\"][et_pb_blurb title=\"Nehmen Sie hier ein Geschenk?\" image=\"https:\/\/www.salajna.cz\/wp-content\/uploads\/2023\/02\/02_vas-den_600x600.jpg\" _builder_version=\"4.19.5\u2033 _module_preset=\"default\" global_colors_info=\"{}\"]<\/p>\n<p style=\"text-align: justify;\"><span style=\"font-weight: 400;\"><img loading=\"lazy\" decoding=\"async\" src=\"https:\/\/www.salajna.cz\/wp-content\/uploads\/2023\/02\/ikona_plna_20x20.png\" width=\"20\" height=\"20\" alt=\"\" class=\"wp-image-335559 alignleft size-full\" \/><\/span><\/p>\n<p style=\"text-align: justify;\"><span style=\"font-weight: 400;\"><\/span><\/p>\n<p style=\"text-align: justify;\"><span style=\"font-weight: 400;\">Auf das sch\u00f6nste \"Ja!\" Ihres Lebens stehen wir mit gek\u00fchltem Champagner bereit. Zeremonie, Empfang, Feier und Hochzeitsnacht an einem Ort verleihen Ihrem gro\u00dfen Tag einen Hauch von Komfort. Das Bauernhaus bietet Platz f\u00fcr bis zu 70 G\u00e4ste, so dass Sie sich keine Sorgen um das Wetter machen m\u00fcssen. Gemeinsame Planung, ma\u00dfgeschneiderte Organisation, hervorragendes Catering und blauer Himmel sind bei uns Standard. Es liegt an Ihnen, jede Sekunde in vollen Z\u00fcgen zu genie\u00dfen. <\/span><\/p>\n<p>[\/et_pb_blurb][et_pb_button button_url=\"https:\/\/www.salajna.cz\/svatby\" button_text=\"mehr\" button_alignment=\"right\" _builder_version=\"4.23.1\u2033 _module_preset=\"default\" custom_button=\"on\" button_text_size=\"15px\" button_text_color=\"#4f9ac4\u2033 button_border_width=\"0px\" button_font=\"Nunito||||||||\" button_icon=\"$||divi|||400\u2033 button_on_hover=\"off\" custom_margin=\"0px|||0px|false|false\" hover_enabled=\"0\u2033 locked=\"off\" global_colors_info=\"{}\" sticky_enabled=\"0\u2033][\/et_pb_button][\/et_pb_column][et_pb_column type=\"1_3\u2033 _builder_version=\"4.19.4\u2033 _module_preset=\"default\" global_colors_info=\"{}\"][et_pb_blurb title=\"Alles Gute zum Geburtstag!\" image=\"https:\/\/www.salajna.cz\/wp-content\/uploads\/2023\/02\/03_vas-den-u-nas_600x600.jpg\" _builder_version=\"4.19.5\u2033 _module_preset=\"default\" global_colors_info=\"{}\"]<\/p>\n<p style=\"text-align: justify;\"><span style=\"font-weight: 400;\"><img loading=\"lazy\" decoding=\"async\" src=\"https:\/\/www.salajna.cz\/wp-content\/uploads\/2023\/02\/ikona_plna_20x20.png\" width=\"20\" height=\"20\" alt=\"\" class=\"wp-image-335559 alignleft size-full\" \/><\/span><\/p>\n<p style=\"text-align: justify;\"><span style=\"font-weight: 400;\"><\/span><\/p>\n<p style=\"text-align: justify;\"><span style=\"font-weight: 400;\">Geburtstag, Familientreffen oder Goldene Hochzeit sind Momente, die eine w\u00fcrdige Feier erfordern. Wir bieten bequem Platz f\u00fcr eine 40-k\u00f6pfige Familie und die Vielfalt der R\u00e4umlichkeiten wird den unterschiedlichen Bed\u00fcrfnissen jedes Alters gerecht. Fu\u00dfball, Grillen, Planschen im Bach oder Heidekraut auf dem Hof verbinden Sie in einer gemeinsamen Erfahrung des gegenw\u00e4rtigen Augenblicks. Vertrauen Sie uns Ihre Vorstellung von der perfekten Veranstaltung an und wir helfen Ihnen, sie perfekt umzusetzen.\u00a0 <\/span><\/p>\n<p>[\/et_pb_blurb][\/et_pb_column][\/et_pb_row][et_pb_row column_structure=\"1_3,1_3,1_3\u2033 _builder_version=\"4.20.4\u2033 _module_preset=\"default\" width=\"90%\" global_colors_info=\"{}\"][et_pb_column type=\"1_3\u2033 _builder_version=\"4.19.4\u2033 _module_preset=\"default\" global_colors_info=\"{}\"][et_pb_blurb title=\"Teambuilding\" image=\"https:\/\/www.salajna.cz\/wp-content\/uploads\/2023\/02\/04_vas-den-u-nas_600x600.jpg\" _builder_version=\"4.19.5\u2033 _module_preset=\"default\" global_colors_info=\"{}\"]<\/p>\n<p style=\"text-align: justify;\"><span style=\"font-weight: 400;\"><img loading=\"lazy\" decoding=\"async\" src=\"https:\/\/www.salajna.cz\/wp-content\/uploads\/2023\/02\/ikona_plna_20x20.png\" width=\"20\" height=\"20\" alt=\"\" class=\"wp-image-335559 alignleft size-full\" \/><\/span><\/p>\n<p><span style=\"font-weight: 400;\"><\/span><\/p>\n<p style=\"text-align: justify;\"><span style=\"font-weight: 400;\">Dank des harmonischen Umfelds, der modernen Ausstattung, der stilvollen Kaffeepausen und des k\u00f6stlichen Buffets erleben Ihre Kollegen ein Training mit Pfiff. Golf, Go-Kart, Reiten, Nordic Walking, eine Grillschule oder auch eine Verkostung feiner Spirituosen werden den Teamgeist in Ihrem Unternehmen sicherlich f\u00f6rdern. Sie haben eine andere Idee? Bringen Sie sie mit! Auch unser Team hat keine Angst vor Herausforderungen.<\/span><\/p>\n<p>[\/et_pb_blurb][et_pb_button button_url=\"https:\/\/www.salajna.cz\/kde-budete-bydlet\/#sin\" button_text=\"mehr\" button_alignment=\"right\" _builder_version=\"4.20.4\u2033 _module_preset=\"default\" custom_button=\"on\" button_text_size=\"15px\" button_text_color=\"#4f9ac4\u2033 button_border_width=\"0px\" button_font=\"Nunito||||||||\" button_icon=\"$||divi|||400\u2033 button_on_hover=\"off\" custom_margin=\"0px|||0px|false|false\" locked=\"off\" global_colors_info=\"{}\"][\/et_pb_button][\/et_pb_column][\/et_pb_column type=\"1_3\u2033 _builder_version=\"4.19.4\u2033 _module_preset=\"default\" global_colors_info=\"{}\"][et_pb_blurb title=\"Wenn die Farm nicht genug ist\" image=\"https:\/\/www.salajna.cz\/wp-content\/uploads\/2023\/02\/05_vas-den-u-nas_600x600.jpg\" _builder_version=\"4.20.4\u2033 _module_preset=\"default\" body_text_align=\"justify\" global_colors_info=\"{}\"]<\/p>\n<p><span style=\"font-weight: 400;\"><img loading=\"lazy\" decoding=\"async\" src=\"https:\/\/www.salajna.cz\/wp-content\/uploads\/2023\/02\/ikona_plna_20x20.png\" width=\"20\" height=\"20\" alt=\"\" class=\"wp-image-335559 alignleft size-full\" \/><\/span><\/p>\n<p><span style=\"font-weight: 400;\"><\/span><\/p>\n<p><span style=\"font-weight: 400;\">Entdecken Sie den Zauber des ber\u00fchmten B\u00e4derdreiecks und nutzen Sie seine heilende Kraft voll aus. Jeder Wanderer, Radfahrer und Autofahrer kommt hier auf seine Kosten. Gott war gro\u00dfz\u00fcgig zu uns und hat uns nicht mit historischen Denkm\u00e4lern, Mineralquellen, Natursch\u00f6nheiten und St\u00e4dten mit reicher Geschichte verschont. Werfen Sie einen Blick darauf <span style=\"text-decoration: underline;\"><strong><a href=\"https:\/\/zivykraj.cz\/\" target=\"_blank\" rel=\"noopener\">Das lebendige Land<\/a><\/strong><\/span>oder packen Sie eine Karte ein, bevor Sie gehen.<\/span><\/p>\n<p>[\/et_pb_blurb][\/et_pb_column][et_pb_column type=\"1_3\u2033 _builder_version=\"4.19.5\u2033 _module_preset=\"default\" global_colors_info=\"{}\"][et_pb_blurb title=\"Ist aktive Entspannung in Ordnung?\" image=\"https:\/\/www.salajna.cz\/wp-content\/uploads\/2023\/02\/1_600x600.jpg\" _builder_version=\"4.19.5\u2033 _module_preset=\"default\" global_colors_info=\"{}\"]<\/p>\n<p style=\"text-align: justify;\"><span style=\"font-weight: 400;\"><img loading=\"lazy\" decoding=\"async\" src=\"https:\/\/www.salajna.cz\/wp-content\/uploads\/2023\/02\/ikona_plna_20x20.png\" width=\"20\" height=\"20\" alt=\"\" class=\"wp-image-335559 alignleft size-full\" \/><\/span><\/p>\n<p style=\"text-align: justify;\"><span style=\"font-weight: 400;\"><\/span><\/p>\n<p style=\"text-align: justify;\"><span style=\"font-weight: 400;\">Yoga. Pers\u00f6nliche Entwicklung. Tanz. Sch\u00f6pfung. Meditation. Es gibt Orte, an denen es sich einfach von selbst ergibt. Es gibt einen ganzen Hof und Garten, einen ger\u00e4umigen Saal mit technischer Ausstattung und gem\u00fctliche R\u00e4ume, um neue Erfahrungen zu machen. Wenn Sie m\u00f6chten, arrangieren wir Vollverpflegung nach Ihrem Geschmack. Ein L\u00e4cheln im Gesicht, harmonisierte Chakren und ein mit positiver Energie aufgeladener Hof machen auch uns gl\u00fccklich.<\/span><\/p>\n<p>[\/et_pb_blurb][\/et_pb_column][\/et_pb_row][\/et_pb_section]<\/p>","protected":false},"excerpt":{"rendered":"<p>Tanzen, Entspannung oder Hochzeit? Wir haben f\u00fcr jeden etwas... Das s\u00fc\u00dfeste \"Ja!\" Ihres Lebens, wir sind mit gek\u00fchltem Champagner bereit. Eine Zeremonie, ein Empfang, eine Feier und eine Hochzeitsnacht an einem Ort verleihen Ihrem gro\u00dfen Tag einen Hauch von Komfort. Das Bauernhaus bietet Platz f\u00fcr bis zu 70 G\u00e4ste, so dass Sie sich keine Sorgen um das Wetter machen m\u00fcssen. Gemeinsame Planung, ma\u00dfgeschneiderte Organisation, hervorragendes Catering und blauer Himmel sind bei uns Standard. Es liegt an Ihnen, jede Sekunde in vollen Z\u00fcgen zu genie\u00dfen. Geburtstage, Familientreffen oder Goldene Hochzeiten sind Momente, die eine w\u00fcrdige Feier erfordern. Wir bieten bequem Platz f\u00fcr eine 40-k\u00f6pfige Familie, und die Vielfalt der R\u00e4umlichkeiten wird den unterschiedlichen Bed\u00fcrfnissen jedes Alters gerecht. Fu\u00dfball, Grillen, Planschen im Bach oder Heidekraut im Garten verbinden Sie in einer gemeinsamen Erfahrung des gegenw\u00e4rtigen Augenblicks. Vertrauen Sie uns Ihre Vorstellung von der perfekten Veranstaltung an und wir helfen Ihnen, sie perfekt umzusetzen.  In harmonischer Umgebung, mit moderner Ausstattung, stilvollen Kaffeepausen und einem k\u00f6stlichen Buffet erleben Ihre Kollegen ein Training mit Pfiff. Golf, Go-Kart, Reiten, Nordic Walking, eine Grillschule oder auch eine Verkostung feiner Spirituosen werden den Teamgeist in Ihrem Unternehmen sicher st\u00e4rken. Sie haben eine andere Idee? Bringen Sie sie mit! Auch unser Team hat keine Angst vor einer Herausforderung. Entdecken Sie den Charme des ber\u00fchmten B\u00e4derdreiecks und nutzen Sie seine heilende Kraft voll aus. Jeder Wanderer, Radfahrer und Autofahrer kommt hier auf seine Kosten. [...]<\/p>","protected":false},"author":1,"featured_media":0,"parent":0,"menu_order":0,"comment_status":"closed","ping_status":"closed","template":"","meta":{"_et_pb_use_builder":"on","_et_pb_old_content":"","_et_gb_content_width":"","footnotes":""},"class_list":["post-335396","page","type-page","status-publish","hentry"],"_links":{"self":[{"href":"https:\/\/www.salajna.cz\/de\/wp-json\/wp\/v2\/pages\/335396","targetHints":{"allow":["GET"]}}],"collection":[{"href":"https:\/\/www.salajna.cz\/de\/wp-json\/wp\/v2\/pages"}],"about":[{"href":"https:\/\/www.salajna.cz\/de\/wp-json\/wp\/v2\/types\/page"}],"author":[{"embeddable":true,"href":"https:\/\/www.salajna.cz\/de\/wp-json\/wp\/v2\/users\/1"}],"replies":[{"embeddable":true,"href":"https:\/\/www.salajna.cz\/de\/wp-json\/wp\/v2\/comments?post=335396"}],"version-history":[{"count":43,"href":"https:\/\/www.salajna.cz\/de\/wp-json\/wp\/v2\/pages\/335396\/revisions"}],"predecessor-version":[{"id":337311,"href":"https:\/\/www.salajna.cz\/de\/wp-json\/wp\/v2\/pages\/335396\/revisions\/337311"}],"wp:attachment":[{"href":"https:\/\/www.salajna.cz\/de\/wp-json\/wp\/v2\/media?parent=335396"}],"curies":[{"name":"wp","href":"https:\/\/api.w.org\/{rel}","templated":true}]}}