{"id":335423,"date":"2023-02-02T13:09:54","date_gmt":"2023-02-02T12:09:54","guid":{"rendered":"https:\/\/www.salajna.cz\/?page_id=335423"},"modified":"2026-03-14T21:44:56","modified_gmt":"2026-03-14T20:44:56","slug":"kuchyne-ze-statku","status":"publish","type":"page","link":"https:\/\/www.salajna.cz\/de\/kuchyne-ze-statku\/","title":{"rendered":"K\u00fcche vom Bauernhaus"},"content":{"rendered":"<p>[et_pb_section fb_built=\"1\u2033 fullwidth=\"on\" _builder_version=\"4.20.0\u2033 _module_preset=\"default\" custom_margin=\"0px||||false|false\" custom_padding=\"0px||||false|false\" da_disable_devices=\"off|off|off\" locked=\"off\" global_colors_info=\"{}\" da_is_popup=\"off\" da_exit_intent=\"off\" da_has_close=\"on\" da_alt_close=\"off\" da_dark_close=\"off\" da_not_modal=\"on\" da_is_singular=\"off\" da_with_loader=\"off\" da_has_shadow=\"on\"][et_pb_fullwidth_header _builder_version=\"4.20.4\u2033 _module_preset=\"default\" content_font=\"Source Serif Pro||||||||\" content_font_size=\"33px\" content_line_height=\"1.8em\" background_color=\"RGBA(255,255,255,0)\" background_image=\"https:\/\/www.salajna.cz\/wp-content\/uploads\/2023\/04\/neco-k-snedku.jpg\" parallax=\"on\" parallax_method=\"on\" height=\"400px\" custom_margin=\"108px||||false|false\" custom_padding=\"105px||||false|false\" content_text_shadow_style=\"preset1\u2033 global_colors_info=\"{}\"]<\/p>\n<p>\u00dcber diese Liebe<br \/>die durch den Magen gehen,<br \/>wissen wir sehr wohl...<\/p>\n<p>&nbsp;<\/p>\n<p>&nbsp;<\/p>\n<p>[\/et_pb_fullwidth_header][\/et_pb_section][et_pb_section fb_built=&#8220;1&#8243; _builder_version=&#8220;4.19.4&#8243; _module_preset=&#8220;default&#8220; da_disable_devices=&#8220;off|off|off&#8220; global_colors_info=&#8220;{}&#8220; da_is_popup=&#8220;off&#8220; da_exit_intent=&#8220;off&#8220; da_has_close=&#8220;on&#8220; da_alt_close=&#8220;off&#8220; da_dark_close=&#8220;off&#8220; da_not_modal=&#8220;on&#8220; da_is_singular=&#8220;off&#8220; da_with_loader=&#8220;off&#8220; da_has_shadow=&#8220;on&#8220;][et_pb_row _builder_version=&#8220;4.27.4&#8243; _module_preset=&#8220;default&#8220; global_colors_info=&#8220;{}&#8220;][et_pb_column type=&#8220;4_4&#8243; _builder_version=&#8220;4.27.4&#8243; _module_preset=&#8220;default&#8220; global_colors_info=&#8220;{}&#8220;][\/et_pb_column][\/et_pb_row][et_pb_row column_structure=&#8220;1_3,1_3,1_3&#8243; _builder_version=&#8220;4.20.4&#8243; _module_preset=&#8220;default&#8220; width=&#8220;90%&#8220; global_colors_info=&#8220;{}&#8220;][et_pb_column type=&#8220;1_3&#8243; _builder_version=&#8220;4.19.4&#8243; _module_preset=&#8220;default&#8220; global_colors_info=&#8220;{}&#8220;][et_pb_text _builder_version=&#8220;4.27.5&#8243; _module_preset=&#8220;default&#8220; hover_enabled=&#8220;0&#8243; sticky_enabled=&#8220;0&#8243;]<\/p>\n<h3>\u00a0 \u00a0Akce na Salajn\u011b<\/h3>\n<p>[\/et_pb_text][et_pb_text _builder_version=&#8220;4.27.5&#8243; _module_preset=&#8220;default&#8220; hover_enabled=&#8220;0&#8243; sticky_enabled=&#8220;0&#8243; custom_css_main_element=&#8220;text-decoration: none;||border: 0px;&#8220;]<\/p>\n<table border=\"0\" style=\"width: 100%; border-collapse: collapse; border-style: none;\">\n<tbody>\n<tr>\n<td style=\"width: 50%;\">\n<div>4.-.5.4.2026<\/div>\n<\/td>\n<td style=\"width: 50%;\">Velikono\u010dn\u00ed hody<\/td>\n<\/tr>\n<tr>\n<td style=\"width: 50%;\">5.7.2026<\/td>\n<td style=\"width: 50%;\">Brunch<\/td>\n<\/tr>\n<tr>\n<td style=\"width: 50%;\">2.8.2026<\/td>\n<td style=\"width: 50%;\">Brunch<\/td>\n<\/tr>\n<tr>\n<td style=\"width: 50%;\">31.10.2026<\/td>\n<td style=\"width: 50%;\">Ohn\u011b na Statku<\/td>\n<\/tr>\n<tr>\n<td style=\"width: 50%;\"><\/td>\n<td style=\"width: 50%;\"><\/td>\n<\/tr>\n<\/tbody>\n<\/table>\n<p>[\/et_pb_text][\/et_pb_column][et_pb_column type=&#8220;1_3&#8243; _builder_version=&#8220;4.19.4&#8243; _module_preset=&#8220;default&#8220; global_colors_info=&#8220;{}&#8220;][et_pb_blurb title=&#8220;Catering dle va\u0161eho gusta&#8220; image=&#8220;https:\/\/www.salajna.cz\/wp-content\/uploads\/2023\/02\/2_neco-na-zub_600x600.jpg&#8220; _builder_version=&#8220;4.19.5&#8243; _module_preset=&#8220;default&#8220; hover_enabled=&#8220;0&#8243; global_colors_info=&#8220;{}&#8220; sticky_enabled=&#8220;0&#8243;]<\/p>\n<p style=\"text-align: justify;\"><span style=\"font-weight: 400;\"><img loading=\"lazy\" decoding=\"async\" src=\"https:\/\/www.salajna.cz\/wp-content\/uploads\/2023\/02\/ikona_plna_20x20.png\" width=\"20\" height=\"20\" alt=\"\" class=\"wp-image-335559 alignleft size-full\" \/><\/span><\/p>\n<p style=\"text-align: justify;\"><span style=\"font-weight: 400;\"><\/span><\/p>\n<p style=\"text-align: justify;\"><span style=\"font-weight: 400;\">F\u00fcr gr\u00f6\u00dfere Gruppen k\u00f6nnen wir ein komplettes Catering anbieten. Wir sind Experten f\u00fcr Hochzeiten, Partys, Teambuilding und Gesch\u00e4ftsaufenthalte und Ihre W\u00fcnsche sind unsere Mission. Sie k\u00f6nnen sich voll und ganz auf uns verlassen oder mit unserer Hilfe Ihre eigenen Vorstellungen von einer perfekten Veranstaltung verwirklichen. Wir stimmen alle Details im Voraus ab, so dass Sie und Ihre G\u00e4ste z.B. unbesorgt ein lokales Pfadfinderbier genie\u00dfen k\u00f6nnen.<\/span><\/p>\n<p>[\/et_pb_blurb][\/et_pb_column][et_pb_column type=\"1_3\u2033 _builder_version=\"4.19.4\u2033 _module_preset=\"default\" global_colors_info=\"{}\"][et_pb_blurb title=\"Lassen Sie sich nicht in Versuchung f\u00fchren\" image=\"https:\/\/www.salajna.cz\/wp-content\/uploads\/2023\/02\/1_neco-on-tooth_600x600.jpg\" _builder_version=\"4.19.5\u2033 _module_preset=\"default\" global_colors_info=\"{}\"]<\/p>\n<p style=\"text-align: justify;\"><span style=\"font-weight: 400;\"><img loading=\"lazy\" decoding=\"async\" src=\"https:\/\/www.salajna.cz\/wp-content\/uploads\/2023\/02\/ikona_plna_20x20.png\" width=\"20\" height=\"20\" alt=\"\" class=\"wp-image-335559 alignleft size-full\" \/><\/span><\/p>\n<p style=\"text-align: justify;\"><span style=\"font-weight: 400;\"><\/span><\/p>\n<p style=\"text-align: justify;\"><span style=\"font-weight: 400;\">Wenn Sie uns mit Ihrer Familie oder Freunden besuchen, k\u00f6nnen Sie Ihr Verw\u00f6hnprogramm um eine Halbpension erweitern. Wir sind Verfechter von lokalen Zutaten und legen Wert auf Qualit\u00e4t. Sagen Sie ein klares NEIN zur K\u00fcchensch\u00fcrze und Sie werden sehen, dass knusprige Br\u00f6tchen und Cappuccinos ganz anders schmecken, wenn sie von l\u00e4chelndem Personal serviert werden... ganz zu schweigen vom Abwasch, der unserer Meinung nach im Urlaub strikt verboten sein sollte.<\/span><\/p>\n<p>[\/et_pb_blurb][\/et_pb_column][\/et_pb_row][et_pb_row column_structure=\"1_3,1_3,1_3\u2033 _builder_version=\"4.20.4\u2033 _module_preset=\"default\" width=\"90%\" global_colors_info=\"{}\"][et_pb_column type=\"1_3\u2033 _builder_version=\"4.19.4\u2033 _module_preset=\"default\" global_colors_info=\"{}\"][et_pb_blurb title=\"Gibt es einen Grill mit einem Attribut?\" image=\"https:\/\/www.salajna.cz\/wp-content\/uploads\/2023\/02\/3_neco-na-zub_600x600.jpg\" _builder_version=\"4.19.5\u2033 _module_preset=\"default\" body_text_align=\"justify\" global_colors_info=\"{}\"]<\/p>\n<p><span style=\"font-weight: 400;\"><img loading=\"lazy\" decoding=\"async\" src=\"https:\/\/www.salajna.cz\/wp-content\/uploads\/2023\/02\/ikona_plna_20x20.png\" width=\"20\" height=\"20\" alt=\"\" class=\"wp-image-335559 alignleft size-full\" \/><\/span><\/p>\n<p><span style=\"font-weight: 400;\"><\/span><\/p>\n<p><span style=\"font-weight: 400;\">Sind Sie ein geselliger Feinschmecker auf der Suche nach au\u00dfergew\u00f6hnlichen Erlebnissen? Dann verpassen Sie nicht unsere spektakul\u00e4ren Grillfeuerstellen in Aktion. Koch, Verkoster, Feuerh\u00fcter oder Geschichtenerz\u00e4hler? Es ist bestimmt f\u00fcr jeden etwas dabei. Das Feuer zieht uns seit jeher an; bei uns haben Sie nur die Wahl, ob Sie es mit frisch mariniertem Steak, Pfannkuchen aus heimischen Eiern oder duftendem Gl\u00fchwein duften lassen.<\/span><\/p>\n<p>[\/et_pb_blurb][\/et_pb_column][et_pb_column type=\"1_3\u2033 _builder_version=\"4.19.4\u2033 _module_preset=\"default\" global_colors_info=\"{}\"][et_pb_blurb title=\"Wenn ein duftender Rasen winkt\" image=\"https:\/\/www.salajna.cz\/wp-content\/uploads\/2023\/04\/5_neco-on-tooth_600x600.jpg\" _builder_version=\"4.20.4\u2033 _module_preset=\"default\" body_text_align=\"justify\" global_colors_info=\"{}\"]<\/p>\n<p><span style=\"font-weight: 400;\"><img loading=\"lazy\" decoding=\"async\" src=\"https:\/\/www.salajna.cz\/wp-content\/uploads\/2023\/02\/ikona_plna_20x20.png\" width=\"20\" height=\"20\" alt=\"\" class=\"wp-image-335559 alignleft size-full\" \/><\/span><\/p>\n<p><span style=\"font-weight: 400;\"><\/span><\/p>\n<p><span style=\"font-weight: 400;\">M\u00f6chten Sie ein Picknick machen? Kein Problem! Hier finden Sie gen\u00fcgend geeignete Pl\u00e4tze zum Essen. Schatten oder Sonne, ruhiges Wasser oder Wellengang, das ist alles, worum Sie sich k\u00fcmmern m\u00fcssen. Es liegt an uns, Ihren Picknickkorb genau so zu f\u00fcllen, wie Sie es w\u00fcnschen. Eine frische Erdbeere, die Sie gerade aus einem Glas Sekt gezogen haben, schmeckt am besten, wenn sie sich in den azurblauen Augen Ihres Liebsten spiegelt.<\/span><\/p>\n<p>[\/et_pb_blurb][\/et_pb_column][et_pb_column type=\"1_3\u2033 _builder_version=\"4.19.4\u2033 _module_preset=\"default\" global_colors_info=\"{}\"][\/et_pb_column][\/et_pb_row][\/et_pb_section]<\/p>","protected":false},"excerpt":{"rendered":"<p>O tom, \u017ee l\u00e1skaproch\u00e1z\u00ed \u017ealudkem,u n\u00e1s v\u00edme velmi dob\u0159e&#8230; &nbsp; &nbsp;\u00a0 \u00a0Akce na Salajn\u011b 4.-.5.4.2026 Velikono\u010dn\u00ed hody 5.7.2026 Brunch 2.8.2026 Brunch 31.10.2026 Ohn\u011b na Statku V\u011bt\u0161\u00edm skupin\u00e1m zajist\u00edme pln\u00fd catering. Na svatby, oslavy, teambuildingy a pracovn\u00ed pobyty jsme odborn\u00edci a va\u0161e p\u0159\u00e1n\u00ed je na\u0161\u00edm posl\u00e1n\u00edm. M\u016f\u017eete n\u00e1m sv\u011b\u0159it va\u0161i plnou d\u016fv\u011bru nebo s na\u0161\u00ed pomoc\u00ed zrealizovat svou vlastn\u00ed p\u0159edstavu dokonal\u00e9 akce. Ve\u0161ker\u00e9 detaily vylad\u00edme v dostate\u010dn\u00e9m p\u0159edstihu, abyste si se sv\u00fdmi hosty mohli bez starost\u00ed vychutnat t\u0159eba m\u00edstn\u00ed pivo Skaut. Pokud jste k n\u00e1m zav\u00edtali s rodinkou \u010di p\u0159\u00e1teli, m\u016f\u017eete si ke sv\u00e9mu rozmazlov\u00e1n\u00ed p\u0159idat je\u0161t\u011b kolonku polopenze. Jsme zast\u00e1nci lok\u00e1ln\u00edch surovin a na kvalit\u011b n\u00e1m z\u00e1le\u017e\u00ed. Dovolte si \u0159\u00edci jasn\u00e9 NE kuchy\u0148sk\u00e9 z\u00e1st\u011b\u0159e a uvid\u00edte, \u017ee k\u0159upav\u00e9 rohl\u00ed\u010dky a cappuccino chutnaj\u00ed \u00fapln\u011b jinak, kdy\u017e v\u00e1m je naserv\u00edruje usm\u011bvav\u00e1 obsluha&#8230; nemluv\u011b o myt\u00ed n\u00e1dob\u00ed, kter\u00e9 by podle n\u00e1s m\u011blo b\u00fdt na dovolen\u00e9 p\u0159\u00edsn\u011b zak\u00e1zan\u00e9. Jste spole\u010densk\u00fd gurm\u00e1n prahnouc\u00ed po netradi\u010dn\u00edch z\u00e1\u017eitc\u00edch? V tom p\u0159\u00edpad\u011b si nenechte uj\u00edt na\u0161e efektn\u00ed grilovac\u00ed ohni\u0161t\u011b v akci. \u0160\u00e9fkucha\u0159, ochutn\u00e1va\u010d, str\u00e1\u017ece ohn\u011b, \u010di vyprav\u011b\u010d historek? Na sv\u00e9 si p\u0159ijde rozhodn\u011b ka\u017ed\u00fd. Ohe\u0148 n\u00e1s p\u0159itahoval ji\u017e od nepam\u011bti, u n\u00e1s pouze vol\u00edte, zda jej provon\u00edte \u010derstv\u011b nalo\u017een\u00fdm steakem, pala\u010dinkou z m\u00edstn\u00edch vajec \u010di vo\u0148av\u00fdm sva\u0159\u00e1kem. Je [&hellip;]<\/p>","protected":false},"author":1,"featured_media":0,"parent":0,"menu_order":0,"comment_status":"closed","ping_status":"closed","template":"","meta":{"_et_pb_use_builder":"on","_et_pb_old_content":"","_et_gb_content_width":"","footnotes":""},"class_list":["post-335423","page","type-page","status-publish","hentry"],"_links":{"self":[{"href":"https:\/\/www.salajna.cz\/de\/wp-json\/wp\/v2\/pages\/335423","targetHints":{"allow":["GET"]}}],"collection":[{"href":"https:\/\/www.salajna.cz\/de\/wp-json\/wp\/v2\/pages"}],"about":[{"href":"https:\/\/www.salajna.cz\/de\/wp-json\/wp\/v2\/types\/page"}],"author":[{"embeddable":true,"href":"https:\/\/www.salajna.cz\/de\/wp-json\/wp\/v2\/users\/1"}],"replies":[{"embeddable":true,"href":"https:\/\/www.salajna.cz\/de\/wp-json\/wp\/v2\/comments?post=335423"}],"version-history":[{"count":26,"href":"https:\/\/www.salajna.cz\/de\/wp-json\/wp\/v2\/pages\/335423\/revisions"}],"predecessor-version":[{"id":337575,"href":"https:\/\/www.salajna.cz\/de\/wp-json\/wp\/v2\/pages\/335423\/revisions\/337575"}],"wp:attachment":[{"href":"https:\/\/www.salajna.cz\/de\/wp-json\/wp\/v2\/media?parent=335423"}],"curies":[{"name":"wp","href":"https:\/\/api.w.org\/{rel}","templated":true}]}}