{"id":335812,"date":"2023-02-21T13:43:29","date_gmt":"2023-02-21T12:43:29","guid":{"rendered":"https:\/\/www.salajna.cz\/?page_id=335812"},"modified":"2026-01-26T05:36:46","modified_gmt":"2026-01-26T04:36:46","slug":"ceny-a-rezervace","status":"publish","type":"page","link":"https:\/\/www.salajna.cz\/de\/ceny-a-rezervace\/","title":{"rendered":"Preise und Reservierungen"},"content":{"rendered":"<p>[et_pb_section fb_built=\"1\u2033 _builder_version=\"4.19.4\u2033 _module_preset=\"default\" da_disable_devices=\"off|off|off\" global_colors_info=\"{}\" da_is_popup=\"off\" da_exit_intent=\"off\" da_has_close=\"on\" da_alt_close=\"off\" da_dark_close=\"off\" da_not_modal=\"on\" da_is_singular=\"off\" da_with_loader=\"off\" da_has_shadow=\"on\"][et_pb_row _builder_version=\"4.20.4\u2033 _module_preset=\"default\" module_alignment=\"center\" custom_padding=\"||14px|||\" global_colors_info=\"{}\"][et_pb_column type=\"4_4\u2033 _builder_version=\"4.20.4\u2033 _module_preset=\"default\" global_colors_info=\"{}\"][et_pb_code _builder_version=\"4.20.4\u2033 _module_preset=\"default\" custom_padding=\"||0px|||\" global_colors_info=\"{}\"]<!-- Reservation PLUS start --><!-- [et_pb_line_break_holder] --><\/p>\n<div style=\"text-align: center; margin: auto; padding-top: 30px;\"><!-- [et_pb_line_break_holder] --><!-- Reservation PLUS start --><script type=\"text\/javascript\" src=\"https:\/\/booking.previo.cz\/iframe\/\"><\/script><!-- [et_pb_line_break_holder] --><iframe loading=\"lazy\" src=\"https:\/\/booking.previo.cz\/?hotId=735188&#038;hideTabs=pricelist\" scrolling=\"no\" frameborder=\"0\" width=\"727\" height=\"2000\" name=\"previo-booking-iframe\" id=\"previo-booking-iframe\" allowtransparency=\"true\"><\/iframe><!-- [et_pb_line_break_holder] --><!-- Reservation PLUS end --><!-- [et_pb_line_break_holder] --><\/div>\n<p>[\/et_pb_code][\/et_pb_column][\/et_pb_row][et_pb_row _builder_version=\"4.19.4\u2033 _module_preset=\"default\" global_colors_info=\"{}\"][et_pb_column type=\"4_4\u2033 _builder_version=\"4.19.4\u2033 _module_preset=\"default\" global_colors_info=\"{}\"][et_pb_text _builder_version=\"4.24.0\u2033 _module_preset=\"default\" global_colors_info=\"{}\"]<\/p>\n<p style=\"font-weight: 400;\">Einchecken ab 15 Uhr<br \/>Auschecken bis 11 Uhr<\/p>\n<ul>\n<li>Sn\u00eddan\u011b &#8211; 250,-K\u010d\/ dosp\u011bl\u00e1 osoba, 170,-K\u010d\/ d\u00edt\u011b do 12 let<\/li>\n<li>Abendessen - 270,-CZK\/Erwachsener, 210,-CZK\/Kind bis zu 12 Jahren<\/li>\n<li>Ausgebildeter Hund 200,- CZK \/ Nacht<\/li>\n<li>Verleih eines Elektrofahrrads 490,-CZK \/ Tag<\/li>\n<li>HOCHZEITEN, FEIERN, FIRMENVERANSTALTUNGEN, L\u00c4NGERE AUFENTHALTE - PREISE AUF ANFRAGE<\/li>\n<li>Zu Weihnachten und Silvester ist es m\u00f6glich, nur den ganzen Hr\u00e1zd\u011bnky oder Ma\u0161tale zu mieten.<\/li>\n<\/ul>\n<p class=\"heading-white-24px\"><span>F\u00fcr eine verbindliche Reservierung ist eine Anzahlung von 30 % zu leisten (die bei einer Stornierung weniger als 14 Tage vor der Ankunft verf\u00e4llt).<\/span><\/p>\n<p>[\/et_pb_text][\/et_pb_column][\/et_pb_row][et_pb_row column_structure=&#8220;1_2,1_2&#8243; _builder_version=&#8220;4.20.4&#8243; _module_preset=&#8220;default&#8220; global_colors_info=&#8220;{}&#8220;][et_pb_column type=&#8220;1_2&#8243; _builder_version=&#8220;4.20.4&#8243; _module_preset=&#8220;default&#8220; global_colors_info=&#8220;{}&#8220;][et_pb_image src=&#8220;https:\/\/www.salajna.cz\/wp-content\/uploads\/2023\/01\/ikona_plna_30x30.png&#8220; _builder_version=&#8220;4.27.4&#8243; _module_preset=&#8220;default&#8220; global_colors_info=&#8220;{}&#8220;][\/et_pb_image][et_pb_text _builder_version=&#8220;4.27.4&#8243; _module_preset=&#8220;default&#8220; text_font_size=&#8220;16px&#8220; global_colors_info=&#8220;{}&#8220;]<\/p>\n<p>Um einen Geschenkgutschein zu bestellen, kontaktieren Sie uns bitte unter <span>+420\u00a0<\/span><span>601 695 218 , oder das Formular auf der Seite <a href=\"https:\/\/www.salajna.cz\/de\/kontakt\/\">Kontakt<\/a><\/span><\/p>\n<p>[\/et_pb_text][\/et_pb_column][et_pb_column type=&#8220;1_2&#8243; _builder_version=&#8220;4.20.4&#8243; _module_preset=&#8220;default&#8220; global_colors_info=&#8220;{}&#8220;][et_pb_image src=&#8220;https:\/\/www.salajna.cz\/wp-content\/uploads\/2025\/12\/2025_voucher_v2.pdf-zadni-strana.webp&#8220; _builder_version=&#8220;4.27.4&#8243; _module_preset=&#8220;default&#8220; global_colors_info=&#8220;{}&#8220;][\/et_pb_image][\/et_pb_column][\/et_pb_row][\/et_pb_section][et_pb_section fb_built=&#8220;1&#8243; fullwidth=&#8220;on&#8220; _builder_version=&#8220;4.19.4&#8243; _module_preset=&#8220;default&#8220; da_disable_devices=&#8220;off|off|off&#8220; global_colors_info=&#8220;{}&#8220; da_is_popup=&#8220;off&#8220; da_exit_intent=&#8220;off&#8220; da_has_close=&#8220;on&#8220; da_alt_close=&#8220;off&#8220; da_dark_close=&#8220;off&#8220; da_not_modal=&#8220;on&#8220; da_is_singular=&#8220;off&#8220; da_with_loader=&#8220;off&#8220; da_has_shadow=&#8220;on&#8220;][\/et_pb_section]<\/p>","protected":false},"excerpt":{"rendered":"<p>Check in od 15 hodinCheck out do 11 hodin Sn\u00eddan\u011b &#8211; 250,-K\u010d\/ dosp\u011bl\u00e1 osoba, 170,-K\u010d\/ d\u00edt\u011b do 12 let Ve\u010de\u0159e &#8211; 270,-K\u010d\/dosp\u011bl\u00e1 osoba, 210,-K\u010d\/d\u00edt\u011b do 12 let Vychovan\u00fd pes 200,- K\u010d \/ noc Zap\u016fj\u010den\u00ed elektrokola\u00a0 490,-K\u010d \/ den SVATBY, OSLAVY, FIREMN\u00cd AKCE, DEL\u0160\u00cd POBYTY \u2013 CENY NA VY\u017d\u00c1D\u00c1N\u00cd O V\u00e1noc\u00edch a na Silvestra je mo\u017en\u00fd pron\u00e1jem pouze cel\u00e9 Hr\u00e1zd\u011bnky nebo Ma\u0161tale. Pro z\u00e1vaznou rezervaci pobytu je t\u0159eba zaplatit z\u00e1lohu ve\u00a0v\u00fd\u0161i 30\u00a0% (propad\u00e1 p\u0159i zru\u0161en\u00ed rezervace m\u00e9n\u011b ne\u017e 14 dn\u00ed p\u0159ed p\u0159\u00edjezdem).Pro objedn\u00e1n\u00ed d\u00e1rkov\u00e9ho pobytov\u00e9ho voucheru n\u00e1 s kontaktujte na +420\u00a0601 695 218 , nebo formul\u00e1\u0159e na str\u00e1nce Kontakt<\/p>","protected":false},"author":1,"featured_media":0,"parent":0,"menu_order":0,"comment_status":"closed","ping_status":"closed","template":"","meta":{"_et_pb_use_builder":"on","_et_pb_old_content":"","_et_gb_content_width":"","footnotes":""},"class_list":["post-335812","page","type-page","status-publish","hentry"],"_links":{"self":[{"href":"https:\/\/www.salajna.cz\/de\/wp-json\/wp\/v2\/pages\/335812","targetHints":{"allow":["GET"]}}],"collection":[{"href":"https:\/\/www.salajna.cz\/de\/wp-json\/wp\/v2\/pages"}],"about":[{"href":"https:\/\/www.salajna.cz\/de\/wp-json\/wp\/v2\/types\/page"}],"author":[{"embeddable":true,"href":"https:\/\/www.salajna.cz\/de\/wp-json\/wp\/v2\/users\/1"}],"replies":[{"embeddable":true,"href":"https:\/\/www.salajna.cz\/de\/wp-json\/wp\/v2\/comments?post=335812"}],"version-history":[{"count":21,"href":"https:\/\/www.salajna.cz\/de\/wp-json\/wp\/v2\/pages\/335812\/revisions"}],"predecessor-version":[{"id":337560,"href":"https:\/\/www.salajna.cz\/de\/wp-json\/wp\/v2\/pages\/335812\/revisions\/337560"}],"wp:attachment":[{"href":"https:\/\/www.salajna.cz\/de\/wp-json\/wp\/v2\/media?parent=335812"}],"curies":[{"name":"wp","href":"https:\/\/api.w.org\/{rel}","templated":true}]}}